{"id":249,"date":"2018-10-30T18:17:00","date_gmt":"2018-10-30T18:17:00","guid":{"rendered":"https:\/\/the7.io\/g-business\/?page_id=249"},"modified":"2023-12-04T11:54:55","modified_gmt":"2023-12-04T10:54:55","slug":"servicios","status":"publish","type":"page","link":"https:\/\/ajafweb.azurewebsites.net\/en_us\/servicios\/","title":{"rendered":"Services"},"content":{"rendered":"<div class=\"wpb-content-wrapper\"><div class=\"vc_row wpb_row vc_row-fluid vc_custom_1560786853911\"><div class=\"wpb_column vc_column_container vc_col-sm-12\"><div class=\"vc_column-inner\"><div class=\"wpb_wrapper\"><div id=\"ultimate-heading-491869e7729ee963c\" class=\"uvc-heading ult-adjust-bottom-margin ultimate-heading-491869e7729ee963c uvc-4488  uvc-heading-default-font-sizes\" data-hspacer=\"no_spacer\"  data-halign=\"center\" style=\"text-align:center\"><div class=\"uvc-heading-spacer no_spacer\" style=\"top\"><\/div><div class=\"uvc-main-heading ult-responsive\"  data-ultimate-target='.uvc-heading.ultimate-heading-491869e7729ee963c h3'  data-responsive-json-new='{\"font-size\":\"\",\"line-height\":\"\"}' ><h3 style=\"--font-weight:theme;margin-bottom:30px;\">Solution implementation services<\/h3><\/div><\/div>\n\t<div class=\"wpb_text_column wpb_content_element  vc_custom_1701687274274\" >\n\t\t<div class=\"wpb_wrapper\">\n\t\t\t<p>Our\u00a0<strong>passion<\/strong> is to help companies in their digital transformation process and implementation of systems that allow them to manage all business areas on a single platform. That is why we use the most efficient technologies and methodologies. Considered one of the best solution implementation service companies.<\/p>\n<p>The birth of new digital native companies has completely revolutionized the competitive landscape. These, with a strong startup character, have promoted the emergence of new solutions and technical architectures that have revolutionized the world of technologies with tools and ways of building and conceptualizing. <strong>digital products<\/strong>\u00a0that did not exist very recently.<\/p>\n<p>In this framework, AJAF Consulting was born, to do its part in providing solutions implementation services, to respond to the growing demand in the IT sector. Our world faces very important challenges to overcome. Therefore, we want to put all our effort into making digital products that help create a better world.<\/p>\n\n\t\t<\/div>\n\t<\/div>\n<div id=\"ultimate-heading-777369e7729ee99ee\" class=\"uvc-heading ult-adjust-bottom-margin ultimate-heading-777369e7729ee99ee uvc-4225  uvc-heading-default-font-sizes\" data-hspacer=\"no_spacer\"  data-halign=\"center\" style=\"text-align:center\"><div class=\"uvc-heading-spacer no_spacer\" style=\"top\"><\/div><div class=\"uvc-main-heading ult-responsive\"  data-ultimate-target='.uvc-heading.ultimate-heading-777369e7729ee99ee h2'  data-responsive-json-new='{\"font-size\":\"\",\"line-height\":\"\"}' ><h2 style=\"--font-weight:theme;margin-bottom:30px;\">specialties<\/h2><\/div><\/div><div class=\"vc_row wpb_row vc_inner vc_row-fluid vc_row-o-equal-height vc_row-flex\"><div class=\"wpb_column vc_column_container vc_col-sm-4\"><div class=\"vc_column-inner vc_custom_1560417813494\"><div class=\"wpb_wrapper\"><style type=\"text\/css\" data-type=\"the7_shortcodes-inline-css\">.shortcode-single-image-wrap.shortcode-single-image-73834eb719c248287d203b9435528597.enable-bg-rollover .rollover i,\n.shortcode-single-image-wrap.shortcode-single-image-73834eb719c248287d203b9435528597.enable-bg-rollover .rollover-video i {\n  background: -webkit-linear-gradient();\n  background: linear-gradient();\n}\n.shortcode-single-image-wrap.shortcode-single-image-73834eb719c248287d203b9435528597 .rollover-icon {\n  font-size: 32px;\n  color: #ffffff;\n  min-width: 44px;\n  min-height: 44px;\n  line-height: 44px;\n  border-radius: 100px;\n  border-style: solid;\n  border-width: 0px;\n}\n.dt-icon-bg-on.shortcode-single-image-wrap.shortcode-single-image-73834eb719c248287d203b9435528597 .rollover-icon {\n  background: rgba(255,255,255,0.3);\n  box-shadow: none;\n}\n<\/style><div class=\"shortcode-single-image-wrap shortcode-single-image-73834eb719c248287d203b9435528597 alignnone  vc_custom_1602774717879 enable-bg-rollover dt-icon-bg-off\" ><div class=\"shortcode-single-image\"><div class=\"fancy-media-wrap\" style=\"\"><a href=\"https:\/\/ajafweb.azurewebsites.net\/en_us\/servicios\/consultoria\/\" class=\"layzr-bg rollover\" style=\"\" aria-label=\"Image\"><img decoding=\"async\" class=\"preload-me lazy-load aspect\" src=\"data:image\/svg+xml,%3Csvg%20xmlns%3D&#39;http%3A%2F%2Fwww.w3.org%2F2000%2Fsvg&#39;%20viewBox%3D&#39;0%200%20200%20200&#39;%2F%3E\" data-src=\"\/wp-content\/uploads\/2018\/11\/s000-200x200.jpg\" data-srcset=\"\/wp-content\/uploads\/2018\/11\/s000-200x200.jpg 200w, \/wp-content\/uploads\/2018\/11\/s000-400x400.jpg 400w\" loading=\"eager\" style=\"--ratio: 200 \/ 200\" sizes=\"(max-width: 200px) 100vw, 200px\" width=\"200\" height=\"200\"  data-dt-location=\"https:\/\/ajafweb.azurewebsites.net\/en_us\/servicios\/s000\/\" alt=\"Consultor\u00eda\" \/><\/a><\/div><\/div><\/div><div id=\"ultimate-heading-121569e7729ef060d\" class=\"uvc-heading ult-adjust-bottom-margin ultimate-heading-121569e7729ef060d uvc-6301\" data-hspacer=\"no_spacer\"  data-halign=\"center\" style=\"text-align:center\"><div class=\"uvc-heading-spacer no_spacer\" style=\"top\"><\/div><div class=\"uvc-main-heading ult-responsive\"  data-ultimate-target='.uvc-heading.ultimate-heading-121569e7729ef060d h2'  data-responsive-json-new='{\"font-size\":\"desktop:24px;\",\"line-height\":\"desktop:34px;\"}' ><h2 style=\"font-weight:bold;margin-bottom:5px;\">Consultancy<\/h2><\/div><div class=\"uvc-sub-heading ult-responsive\"  data-ultimate-target='.uvc-heading.ultimate-heading-121569e7729ef060d .uvc-sub-heading '  data-responsive-json-new='{\"font-size\":\"desktop:16px;\",\"line-height\":\"desktop:28px;\"}'  style=\"font-weight:normal;margin-bottom:20px;\">We have senior consultants with extensive experience in different development technologies. <span id=\"yui_3_17_2_21_1417520756186_1856\">\u00a0<\/span><\/div><\/div><style type=\"text\/css\" data-type=\"the7_shortcodes-inline-css\">#default-btn-f71670c9df0512989eba7c0c969d1148.ico-right-side > i {\n  margin-right: 0px;\n  margin-left: 8px;\n}\n#default-btn-f71670c9df0512989eba7c0c969d1148 > i {\n  margin-right: 8px;\n}\n<\/style><div class=\"btn-align-center\"><a href=\"https:\/\/ajafweb.azurewebsites.net\/en_us\/servicios\/consultoria\/\" class=\"default-btn-shortcode dt-btn dt-btn-m link-hover-off\" id=\"default-btn-f71670c9df0512989eba7c0c969d1148\" title=\"Specialized Training\"><span>Know more<\/span><\/a><\/div><\/div><\/div><\/div><div class=\"wpb_column vc_column_container vc_col-sm-4\"><div class=\"vc_column-inner vc_custom_1560417805392\"><div class=\"wpb_wrapper\"><style type=\"text\/css\" data-type=\"the7_shortcodes-inline-css\">.shortcode-single-image-wrap.shortcode-single-image-bdfbc6bdd9ddb9f91d58ce02a1812f55.enable-bg-rollover .rollover i,\n.shortcode-single-image-wrap.shortcode-single-image-bdfbc6bdd9ddb9f91d58ce02a1812f55.enable-bg-rollover .rollover-video i {\n  background: -webkit-linear-gradient();\n  background: linear-gradient();\n}\n.shortcode-single-image-wrap.shortcode-single-image-bdfbc6bdd9ddb9f91d58ce02a1812f55 .rollover-icon {\n  font-size: 32px;\n  color: #ffffff;\n  min-width: 44px;\n  min-height: 44px;\n  line-height: 44px;\n  border-radius: 100px;\n  border-style: solid;\n  border-width: 0px;\n}\n.dt-icon-bg-on.shortcode-single-image-wrap.shortcode-single-image-bdfbc6bdd9ddb9f91d58ce02a1812f55 .rollover-icon {\n  background: rgba(255,255,255,0.3);\n  box-shadow: none;\n}\n<\/style><div class=\"shortcode-single-image-wrap shortcode-single-image-bdfbc6bdd9ddb9f91d58ce02a1812f55 alignnone  vc_custom_1602774744479 enable-bg-rollover dt-icon-bg-off\" ><div class=\"shortcode-single-image\"><div class=\"fancy-media-wrap\" style=\"\"><a href=\"\/en_us\/servicios\/soluciones\/\" class=\"layzr-bg rollover\" style=\"\" aria-label=\"Image\"><img decoding=\"async\" class=\"preload-me lazy-load aspect\" src=\"data:image\/svg+xml,%3Csvg%20xmlns%3D&#39;http%3A%2F%2Fwww.w3.org%2F2000%2Fsvg&#39;%20viewBox%3D&#39;0%200%20200%20200&#39;%2F%3E\" data-src=\"\/wp-content\/uploads\/2020\/10\/shutterstock_1761739931-scaled-200x200.jpg\" data-srcset=\"\/wp-content\/uploads\/2020\/10\/shutterstock_1761739931-scaled-200x200.jpg 200w, \/wp-content\/uploads\/2020\/10\/shutterstock_1761739931-scaled-400x400.jpg 400w\" loading=\"eager\" style=\"--ratio: 200 \/ 200\" sizes=\"(max-width: 200px) 100vw, 200px\" width=\"200\" height=\"200\"  data-dt-location=\"https:\/\/ajafweb.azurewebsites.net\/en_us\/shutterstock_1761739931\/\" alt=\"Soluciones tecnol\u00f3gicas\" \/><\/a><\/div><\/div><\/div><div id=\"ultimate-heading-737869e7729ef302a\" class=\"uvc-heading ult-adjust-bottom-margin ultimate-heading-737869e7729ef302a uvc-1006\" data-hspacer=\"no_spacer\"  data-halign=\"center\" style=\"text-align:center\"><div class=\"uvc-heading-spacer no_spacer\" style=\"top\"><\/div><div class=\"uvc-main-heading ult-responsive\"  data-ultimate-target='.uvc-heading.ultimate-heading-737869e7729ef302a h2'  data-responsive-json-new='{\"font-size\":\"desktop:24px;\",\"line-height\":\"desktop:34px;\"}' ><h2 style=\"font-weight:bold;margin-bottom:5px;\">Implementation solutions<\/h2><\/div><div class=\"uvc-sub-heading ult-responsive\"  data-ultimate-target='.uvc-heading.ultimate-heading-737869e7729ef302a .uvc-sub-heading '  data-responsive-json-new='{\"font-size\":\"desktop:16px;\",\"line-height\":\"desktop:28px;\"}'  style=\"font-weight:normal;margin-bottom:20px;\">We always look for the most suitable solution. Our best guarantee is the satisfaction of all our customers.<\/div><\/div><style type=\"text\/css\" data-type=\"the7_shortcodes-inline-css\">#default-btn-b2e43e967a020f175668379a5116ea48.ico-right-side > i {\n  margin-right: 0px;\n  margin-left: 8px;\n}\n#default-btn-b2e43e967a020f175668379a5116ea48 > i {\n  margin-right: 8px;\n}\n<\/style><div class=\"btn-align-center\"><a href=\"http:\/\/ajafweb.azurewebsites.net\/en_us\/servicios\/soluciones\/\" class=\"default-btn-shortcode dt-btn dt-btn-m link-hover-off\" id=\"default-btn-b2e43e967a020f175668379a5116ea48\" title=\"Web development projects and mobile apps\"><span>Know more<\/span><\/a><\/div><\/div><\/div><\/div><div class=\"wpb_column vc_column_container vc_col-sm-4\"><div class=\"vc_column-inner vc_custom_1560417810424\"><div class=\"wpb_wrapper\"><style type=\"text\/css\" data-type=\"the7_shortcodes-inline-css\">.shortcode-single-image-wrap.shortcode-single-image-977f91b6e4f1a64a24d55440fcfffd49.enable-bg-rollover .rollover i,\n.shortcode-single-image-wrap.shortcode-single-image-977f91b6e4f1a64a24d55440fcfffd49.enable-bg-rollover .rollover-video i {\n  background: -webkit-linear-gradient();\n  background: linear-gradient();\n}\n.shortcode-single-image-wrap.shortcode-single-image-977f91b6e4f1a64a24d55440fcfffd49 .rollover-icon {\n  font-size: 32px;\n  color: #ffffff;\n  min-width: 44px;\n  min-height: 44px;\n  line-height: 44px;\n  border-radius: 100px;\n  border-style: solid;\n  border-width: 0px;\n}\n.dt-icon-bg-on.shortcode-single-image-wrap.shortcode-single-image-977f91b6e4f1a64a24d55440fcfffd49 .rollover-icon {\n  background: rgba(255,255,255,0.3);\n  box-shadow: none;\n}\n<\/style><div class=\"shortcode-single-image-wrap shortcode-single-image-977f91b6e4f1a64a24d55440fcfffd49 alignnone  vc_custom_1602774760238 enable-bg-rollover dt-icon-bg-off\" ><div class=\"shortcode-single-image\"><div class=\"fancy-media-wrap\" style=\"\"><a href=\"\/en_us\/servicios\/integraciones\/\" class=\"layzr-bg rollover\" style=\"\" aria-label=\"Image\"><img decoding=\"async\" class=\"preload-me lazy-load aspect\" src=\"data:image\/svg+xml,%3Csvg%20xmlns%3D&#39;http%3A%2F%2Fwww.w3.org%2F2000%2Fsvg&#39;%20viewBox%3D&#39;0%200%20200%20200&#39;%2F%3E\" data-src=\"\/wp-content\/uploads\/2020\/10\/shutterstock_1086486185-scaled-200x200.jpg\" data-srcset=\"\/wp-content\/uploads\/2020\/10\/shutterstock_1086486185-scaled-200x200.jpg 200w, \/wp-content\/uploads\/2020\/10\/shutterstock_1086486185-scaled-400x400.jpg 400w\" loading=\"eager\" style=\"--ratio: 200 \/ 200\" sizes=\"(max-width: 200px) 100vw, 200px\" width=\"200\" height=\"200\"  data-dt-location=\"https:\/\/ajafweb.azurewebsites.net\/en_us\/shutterstock_1086486185\/\" alt=\"Integraciones tecnol\u00f3gicas\" \/><\/a><\/div><\/div><\/div><div id=\"ultimate-heading-859969e7729f015e5\" class=\"uvc-heading ult-adjust-bottom-margin ultimate-heading-859969e7729f015e5 uvc-6838\" data-hspacer=\"no_spacer\"  data-halign=\"center\" style=\"text-align:center\"><div class=\"uvc-heading-spacer no_spacer\" style=\"top\"><\/div><div class=\"uvc-main-heading ult-responsive\"  data-ultimate-target='.uvc-heading.ultimate-heading-859969e7729f015e5 h2'  data-responsive-json-new='{\"font-size\":\"desktop:24px;\",\"line-height\":\"desktop:34px;\"}' ><h2 style=\"font-weight:bold;margin-bottom:5px;\">Integrations<\/h2><\/div><div class=\"uvc-sub-heading ult-responsive\"  data-ultimate-target='.uvc-heading.ultimate-heading-859969e7729f015e5 .uvc-sub-heading '  data-responsive-json-new='{\"font-size\":\"desktop:16px;\",\"line-height\":\"desktop:28px;\"}'  style=\"font-weight:normal;margin-bottom:20px;\">If your company needs a web development that connects to your ERP, we have the ideal team of professionals to ensure efficient communication between the systems.<\/div><\/div><style type=\"text\/css\" data-type=\"the7_shortcodes-inline-css\">#default-btn-0cb104048f0c7b36e7b727cd79dc34e1.ico-right-side > i {\n  margin-right: 0px;\n  margin-left: 8px;\n}\n#default-btn-0cb104048f0c7b36e7b727cd79dc34e1 > i {\n  margin-right: 8px;\n}\n<\/style><div class=\"btn-align-center\"><a href=\"http:\/\/ajafweb.azurewebsites.net\/en_us\/servicios\/integraciones\/\" class=\"default-btn-shortcode dt-btn dt-btn-m link-hover-off\" id=\"default-btn-0cb104048f0c7b36e7b727cd79dc34e1\" title=\"Other Technologies\"><span>Know more<\/span><\/a><\/div><\/div><\/div><\/div><div class=\"wpb_column vc_column_container vc_col-sm-4\"><div class=\"vc_column-inner vc_custom_1560417825192\"><div class=\"wpb_wrapper\"><style type=\"text\/css\" data-type=\"the7_shortcodes-inline-css\">.shortcode-single-image-wrap.shortcode-single-image-596cdb1064ba01d2071138d0d756e5b0.enable-bg-rollover .rollover i,\n.shortcode-single-image-wrap.shortcode-single-image-596cdb1064ba01d2071138d0d756e5b0.enable-bg-rollover .rollover-video i {\n  background: -webkit-linear-gradient();\n  background: linear-gradient();\n}\n.shortcode-single-image-wrap.shortcode-single-image-596cdb1064ba01d2071138d0d756e5b0 .rollover-icon {\n  font-size: 32px;\n  color: #ffffff;\n  min-width: 44px;\n  min-height: 44px;\n  line-height: 44px;\n  border-radius: 100px;\n  border-style: solid;\n  border-width: 0px;\n}\n.dt-icon-bg-on.shortcode-single-image-wrap.shortcode-single-image-596cdb1064ba01d2071138d0d756e5b0 .rollover-icon {\n  background: rgba(255,255,255,0.3);\n  box-shadow: none;\n}\n<\/style><div class=\"shortcode-single-image-wrap shortcode-single-image-596cdb1064ba01d2071138d0d756e5b0 alignnone  vc_custom_1602774781865 enable-bg-rollover dt-icon-bg-off\" ><div class=\"shortcode-single-image\"><div class=\"fancy-media-wrap\" style=\"\"><a href=\"\/en_us\/servicios\/upgrades\/\" class=\"layzr-bg rollover\" style=\"\" aria-label=\"Image\"><img decoding=\"async\" class=\"preload-me lazy-load aspect\" src=\"data:image\/svg+xml,%3Csvg%20xmlns%3D&#39;http%3A%2F%2Fwww.w3.org%2F2000%2Fsvg&#39;%20viewBox%3D&#39;0%200%20200%20200&#39;%2F%3E\" data-src=\"\/wp-content\/uploads\/2018\/11\/s009-200x200.jpg\" data-srcset=\"\/wp-content\/uploads\/2018\/11\/s009-200x200.jpg 200w, \/wp-content\/uploads\/2018\/11\/s009-400x400.jpg 400w\" loading=\"eager\" style=\"--ratio: 200 \/ 200\" sizes=\"(max-width: 200px) 100vw, 200px\" width=\"200\" height=\"200\"  data-dt-location=\"https:\/\/ajafweb.azurewebsites.net\/en_us\/servicios\/s009\/\" alt=\"Actualizaciones y upgrades\" \/><\/a><\/div><\/div><\/div><div id=\"ultimate-heading-747569e7729f03d43\" class=\"uvc-heading ult-adjust-bottom-margin ultimate-heading-747569e7729f03d43 uvc-3185\" data-hspacer=\"no_spacer\"  data-halign=\"center\" style=\"text-align:center\"><div class=\"uvc-heading-spacer no_spacer\" style=\"top\"><\/div><div class=\"uvc-main-heading ult-responsive\"  data-ultimate-target='.uvc-heading.ultimate-heading-747569e7729f03d43 h2'  data-responsive-json-new='{\"font-size\":\"desktop:24px;\",\"line-height\":\"desktop:34px;\"}' ><h2 style=\"font-weight:bold;margin-bottom:5px;\">Updates and upgrades<\/h2><\/div><div class=\"uvc-sub-heading ult-responsive\"  data-ultimate-target='.uvc-heading.ultimate-heading-747569e7729f03d43 .uvc-sub-heading '  data-responsive-json-new='{\"font-size\":\"desktop:16px;\",\"line-height\":\"desktop:28px;\"}'  style=\"font-weight:normal;margin-bottom:20px;\">We work with the most up-to-date solutions in the cloud and with the latest SAP modules: DSD, eWM, HCM ...<\/div><\/div><style type=\"text\/css\" data-type=\"the7_shortcodes-inline-css\">#default-btn-b2ff32826e90717b085043a44cb96b7c.ico-right-side > i {\n  margin-right: 0px;\n  margin-left: 8px;\n}\n#default-btn-b2ff32826e90717b085043a44cb96b7c > i {\n  margin-right: 8px;\n}\n<\/style><div class=\"btn-align-center\"><a href=\"http:\/\/ajafweb.azurewebsites.net\/en_us\/servicios\/upgrades\/\" class=\"default-btn-shortcode dt-btn dt-btn-m link-hover-off\" id=\"default-btn-b2ff32826e90717b085043a44cb96b7c\" title=\"Headhunting\"><span>Know more<\/span><\/a><\/div><\/div><\/div><\/div><div class=\"wpb_column vc_column_container vc_col-sm-4\"><div class=\"vc_column-inner vc_custom_1560417820595\"><div class=\"wpb_wrapper\"><style type=\"text\/css\" data-type=\"the7_shortcodes-inline-css\">.shortcode-single-image-wrap.shortcode-single-image-52968681b3bfc6d0b340216ebb88211c.enable-bg-rollover .rollover i,\n.shortcode-single-image-wrap.shortcode-single-image-52968681b3bfc6d0b340216ebb88211c.enable-bg-rollover .rollover-video i {\n  background: -webkit-linear-gradient();\n  background: linear-gradient();\n}\n.shortcode-single-image-wrap.shortcode-single-image-52968681b3bfc6d0b340216ebb88211c .rollover-icon {\n  font-size: 32px;\n  color: #ffffff;\n  min-width: 44px;\n  min-height: 44px;\n  line-height: 44px;\n  border-radius: 100px;\n  border-style: solid;\n  border-width: 0px;\n}\n.dt-icon-bg-on.shortcode-single-image-wrap.shortcode-single-image-52968681b3bfc6d0b340216ebb88211c .rollover-icon {\n  background: rgba(255,255,255,0.3);\n  box-shadow: none;\n}\n<\/style><div class=\"shortcode-single-image-wrap shortcode-single-image-52968681b3bfc6d0b340216ebb88211c alignnone  vc_custom_1602774795182 enable-bg-rollover dt-icon-bg-off\" ><div class=\"shortcode-single-image\"><div class=\"fancy-media-wrap\" style=\"\"><a href=\"https:\/\/ajafweb.azurewebsites.net\/en_us\/servicios\/formacion\/\" class=\"layzr-bg rollover\" style=\"\" aria-label=\"Image\"><img decoding=\"async\" class=\"preload-me lazy-load aspect\" src=\"data:image\/svg+xml,%3Csvg%20xmlns%3D&#39;http%3A%2F%2Fwww.w3.org%2F2000%2Fsvg&#39;%20viewBox%3D&#39;0%200%20200%20200&#39;%2F%3E\" data-src=\"\/wp-content\/uploads\/2020\/10\/shutterstock_1500505865-scaled-200x200.jpg\" data-srcset=\"\/wp-content\/uploads\/2020\/10\/shutterstock_1500505865-scaled-200x200.jpg 200w, \/wp-content\/uploads\/2020\/10\/shutterstock_1500505865-scaled-400x400.jpg 400w\" loading=\"eager\" style=\"--ratio: 200 \/ 200\" sizes=\"(max-width: 200px) 100vw, 200px\" width=\"200\" height=\"200\"  data-dt-location=\"https:\/\/ajafweb.azurewebsites.net\/en_us\/shutterstock_1500505865\/\" alt=\"Formaci\u00f3n\" \/><\/a><\/div><\/div><\/div><div id=\"ultimate-heading-790169e7729f0657a\" class=\"uvc-heading ult-adjust-bottom-margin ultimate-heading-790169e7729f0657a uvc-3510\" data-hspacer=\"no_spacer\"  data-halign=\"center\" style=\"text-align:center\"><div class=\"uvc-heading-spacer no_spacer\" style=\"top\"><\/div><div class=\"uvc-main-heading ult-responsive\"  data-ultimate-target='.uvc-heading.ultimate-heading-790169e7729f0657a h2'  data-responsive-json-new='{\"font-size\":\"desktop:24px;\",\"line-height\":\"desktop:34px;\"}' ><h2 style=\"font-weight:bold;margin-bottom:5px;\">Training<\/h2><\/div><div class=\"uvc-sub-heading ult-responsive\"  data-ultimate-target='.uvc-heading.ultimate-heading-790169e7729f0657a .uvc-sub-heading '  data-responsive-json-new='{\"font-size\":\"desktop:16px;\",\"line-height\":\"desktop:28px;\"}'  style=\"font-weight:normal;margin-bottom:20px;\">Our trainers are active professional experts, who have developed their professional careers in international projects for important companies.<\/div><\/div><style type=\"text\/css\" data-type=\"the7_shortcodes-inline-css\">#default-btn-0caaa89a1183ce2acc3137116a06737b.ico-right-side > i {\n  margin-right: 0px;\n  margin-left: 8px;\n}\n#default-btn-0caaa89a1183ce2acc3137116a06737b > i {\n  margin-right: 8px;\n}\n<\/style><div class=\"btn-align-center\"><a href=\"https:\/\/ajafweb.azurewebsites.net\/en_us\/servicios\/formacion\/\" class=\"default-btn-shortcode dt-btn dt-btn-m link-hover-off\" id=\"default-btn-0caaa89a1183ce2acc3137116a06737b\" title=\"Outplacement\"><span>Know more<\/span><\/a><\/div><\/div><\/div><\/div><div class=\"wpb_column vc_column_container vc_col-sm-4\"><div class=\"vc_column-inner\"><div class=\"wpb_wrapper\"><style type=\"text\/css\" data-type=\"the7_shortcodes-inline-css\">.shortcode-single-image-wrap.shortcode-single-image-21583a934350f3c6071aed0a7573905d.enable-bg-rollover .rollover i,\n.shortcode-single-image-wrap.shortcode-single-image-21583a934350f3c6071aed0a7573905d.enable-bg-rollover .rollover-video i {\n  background: -webkit-linear-gradient();\n  background: linear-gradient();\n}\n.shortcode-single-image-wrap.shortcode-single-image-21583a934350f3c6071aed0a7573905d .rollover-icon {\n  font-size: 32px;\n  color: #ffffff;\n  min-width: 44px;\n  min-height: 44px;\n  line-height: 44px;\n  border-radius: 100px;\n  border-style: solid;\n  border-width: 0px;\n}\n.dt-icon-bg-on.shortcode-single-image-wrap.shortcode-single-image-21583a934350f3c6071aed0a7573905d .rollover-icon {\n  background: rgba(255,255,255,0.3);\n  box-shadow: none;\n}\n<\/style><div class=\"shortcode-single-image-wrap shortcode-single-image-21583a934350f3c6071aed0a7573905d alignnone  vc_custom_1602774807849 enable-bg-rollover dt-icon-bg-off\" ><div class=\"shortcode-single-image\"><div class=\"fancy-media-wrap\" style=\"\"><a href=\"https:\/\/ajafweb.azurewebsites.net\/en_us\/servicios\/software-a-medida\/\" class=\"layzr-bg rollover\" style=\"\" aria-label=\"Image\"><img decoding=\"async\" class=\"preload-me lazy-load aspect\" src=\"data:image\/svg+xml,%3Csvg%20xmlns%3D&#39;http%3A%2F%2Fwww.w3.org%2F2000%2Fsvg&#39;%20viewBox%3D&#39;0%200%20200%20200&#39;%2F%3E\" data-src=\"\/wp-content\/uploads\/2018\/11\/s012-200x200.jpg\" data-srcset=\"\/wp-content\/uploads\/2018\/11\/s012-200x200.jpg 200w, \/wp-content\/uploads\/2018\/11\/s012-400x400.jpg 400w\" loading=\"eager\" style=\"--ratio: 200 \/ 200\" sizes=\"(max-width: 200px) 100vw, 200px\" width=\"200\" height=\"200\"  data-dt-location=\"https:\/\/ajafweb.azurewebsites.net\/en_us\/servicios\/s012\/\" alt=\"Software a medida\" \/><\/a><\/div><\/div><\/div><div id=\"ultimate-heading-690069e7729f08d4c\" class=\"uvc-heading ult-adjust-bottom-margin ultimate-heading-690069e7729f08d4c uvc-7124\" data-hspacer=\"no_spacer\"  data-halign=\"center\" style=\"text-align:center\"><div class=\"uvc-heading-spacer no_spacer\" style=\"top\"><\/div><div class=\"uvc-main-heading ult-responsive\"  data-ultimate-target='.uvc-heading.ultimate-heading-690069e7729f08d4c h2'  data-responsive-json-new='{\"font-size\":\"desktop:24px;\",\"line-height\":\"desktop:34px;\"}' ><h2 style=\"font-weight:bold;margin-bottom:5px;\">Custom software<\/h2><\/div><div class=\"uvc-sub-heading ult-responsive\"  data-ultimate-target='.uvc-heading.ultimate-heading-690069e7729f08d4c .uvc-sub-heading '  data-responsive-json-new='{\"font-size\":\"desktop:16px;\",\"line-height\":\"desktop:28px;\"}'  style=\"font-weight:normal;margin-bottom:20px;\">We work on the development of projects of all sizes, without limits in terms of functionalities or design.<\/div><\/div><style type=\"text\/css\" data-type=\"the7_shortcodes-inline-css\">#default-btn-8891f119b07d40f4c255ec4814bb4712.ico-right-side > i {\n  margin-right: 0px;\n  margin-left: 8px;\n}\n#default-btn-8891f119b07d40f4c255ec4814bb4712 > i {\n  margin-right: 8px;\n}\n<\/style><div class=\"btn-align-center\"><a href=\"https:\/\/ajafweb.azurewebsites.net\/en_us\/servicios\/software-a-medida\/\" class=\"default-btn-shortcode dt-btn dt-btn-m link-hover-off\" id=\"default-btn-8891f119b07d40f4c255ec4814bb4712\" title=\"Outplacement\"><span>Know more<\/span><\/a><\/div><\/div><\/div><\/div><\/div><\/div><\/div><\/div><\/div><div class=\"vc_row wpb_row vc_row-fluid\"><div class=\"wpb_column vc_column_container vc_col-sm-12\"><div class=\"vc_column-inner\"><div class=\"wpb_wrapper\"><\/div><\/div><\/div><\/div>\n<\/div>","protected":false},"excerpt":{"rendered":"<p>Servicios de implantaci\u00f3n de soluciones Nuestra\u00a0pasi\u00f3n es ayudar a las compa\u00f1\u00edas en su proceso de transformaci\u00f3n digital e implantaci\u00f3n de sistemas que les permitan gestionar todos los \u00e1mbitos de negocio en una sola plataforma. Por ello utilizamos las tecnolog\u00edas y las metodolog\u00edas m\u00e1s eficientes. Considerada una de las mejores empresas de servicios de Implantaci\u00f3n de&hellip;<\/p>","protected":false},"author":1,"featured_media":0,"parent":0,"menu_order":20,"comment_status":"closed","ping_status":"closed","template":"","meta":{"footnotes":""},"_links":{"self":[{"href":"https:\/\/ajafweb.azurewebsites.net\/en_us\/wp-json\/wp\/v2\/pages\/249"}],"collection":[{"href":"https:\/\/ajafweb.azurewebsites.net\/en_us\/wp-json\/wp\/v2\/pages"}],"about":[{"href":"https:\/\/ajafweb.azurewebsites.net\/en_us\/wp-json\/wp\/v2\/types\/page"}],"author":[{"embeddable":true,"href":"https:\/\/ajafweb.azurewebsites.net\/en_us\/wp-json\/wp\/v2\/users\/1"}],"replies":[{"embeddable":true,"href":"https:\/\/ajafweb.azurewebsites.net\/en_us\/wp-json\/wp\/v2\/comments?post=249"}],"version-history":[{"count":17,"href":"https:\/\/ajafweb.azurewebsites.net\/en_us\/wp-json\/wp\/v2\/pages\/249\/revisions"}],"predecessor-version":[{"id":2498,"href":"https:\/\/ajafweb.azurewebsites.net\/en_us\/wp-json\/wp\/v2\/pages\/249\/revisions\/2498"}],"wp:attachment":[{"href":"https:\/\/ajafweb.azurewebsites.net\/en_us\/wp-json\/wp\/v2\/media?parent=249"}],"curies":[{"name":"wp","href":"https:\/\/api.w.org\/{rel}","templated":true}]}}