{"id":1233,"date":"2018-11-18T11:33:46","date_gmt":"2018-11-18T11:33:46","guid":{"rendered":"https:\/\/the7.io\/g-business\/?page_id=1233"},"modified":"2023-12-04T12:38:16","modified_gmt":"2023-12-04T11:38:16","slug":"actualizaciones-upgrades","status":"publish","type":"page","link":"https:\/\/ajafweb.azurewebsites.net\/en_us\/servicios\/actualizaciones-upgrades\/","title":{"rendered":"Updates and upgrades"},"content":{"rendered":"<div class=\"wpb-content-wrapper\"><div class=\"vc_row wpb_row vc_row-fluid\"><div class=\"wpb_column vc_column_container vc_col-sm-12\"><div class=\"vc_column-inner vc_custom_1603095827315\"><div class=\"wpb_wrapper\"><div id=\"ultimate-heading-860069d291f8a56ec\" class=\"uvc-heading ult-adjust-bottom-margin ultimate-heading-860069d291f8a56ec uvc-3560 accent-subtitle-color\" data-hspacer=\"no_spacer\"  data-halign=\"left\" style=\"text-align:left\"><div class=\"uvc-heading-spacer no_spacer\" style=\"top\"><\/div><div class=\"uvc-main-heading ult-responsive\"  data-ultimate-target='.uvc-heading.ultimate-heading-860069d291f8a56ec h3'  data-responsive-json-new='{\"font-size\":\"desktop:30px;\",\"line-height\":\"desktop:40px;\"}' ><h3 style=\"font-weight:bold;margin-bottom:5px;\">Technical updates<\/h3><\/div><div class=\"uvc-sub-heading ult-responsive\"  data-ultimate-target='.uvc-heading.ultimate-heading-860069d291f8a56ec .uvc-sub-heading '  data-responsive-json-new='{\"font-size\":\"desktop:20px;\",\"line-height\":\"desktop:30px;\"}'  style=\"font-weight:normal;margin-bottom:20px;\">Module and security updates<\/div><\/div>\n\t<div class=\"wpb_text_column wpb_content_element\" >\n\t\t<div class=\"wpb_wrapper\">\n\t\t\t<p>Updates and upgrades of any software are a headache for most companies. First of all, there is no need to do this, unless the versions are becoming completely obsolete. And secondly, there is no efficient methodology to carry out these projects.<\/p>\n<p>In <strong>AJAF<\/strong>\u00a0 We are permanently on the train of update projects. This has forced us to generate a repetitive process, with an optimized methodology, taking full advantage of the tools and practices that software developers make available to their clients.<\/p>\n\n\t\t<\/div>\n\t<\/div>\n<div id=\"ultimate-heading-229969d291f8a7582\" class=\"uvc-heading ult-adjust-bottom-margin ultimate-heading-229969d291f8a7582 uvc-7434 accent-subtitle-color\" data-hspacer=\"no_spacer\"  data-halign=\"left\" style=\"text-align:left\"><div class=\"uvc-heading-spacer no_spacer\" style=\"top\"><\/div><div class=\"uvc-main-heading ult-responsive\"  data-ultimate-target='.uvc-heading.ultimate-heading-229969d291f8a7582 h3'  data-responsive-json-new='{\"font-size\":\"desktop:30px;\",\"line-height\":\"desktop:40px;\"}' ><h3 style=\"font-weight:bold;margin-bottom:5px;\">Functional and strategic upgrades<\/h3><\/div><div class=\"uvc-sub-heading ult-responsive\"  data-ultimate-target='.uvc-heading.ultimate-heading-229969d291f8a7582 .uvc-sub-heading '  data-responsive-json-new='{\"font-size\":\"desktop:20px;\",\"line-height\":\"desktop:30px;\"}'  style=\"font-weight:normal;margin-bottom:20px;\">Your business evolves, and your systems must evolve with it<\/div><\/div>\n\t<div class=\"wpb_text_column wpb_content_element\" >\n\t\t<div class=\"wpb_wrapper\">\n\t\t\t<p>Due to variations in the business environment and company processes, as well as updates and upgrades of a company&#039;s solution map, the need periodically arises to carry out system upgrade processes to adapt it to the new situation.<\/p>\n<p><b>AJAF <\/b>has extensive experience in the execution of these projects, which allows us to advise our clients in choosing the Upgrade strategy most appropriate to their situation and needs, as well as successfully addressing the subsequent execution of the Upgrade project.<\/p>\n\n\t\t<\/div>\n\t<\/div>\n<\/div><\/div><\/div><\/div><div class=\"vc_row wpb_row vc_row-fluid wpb_animate_when_almost_visible wpb_fadeInUp fadeInUp\"><div class=\"wpb_column vc_column_container vc_col-sm-12\"><div class=\"vc_column-inner vc_custom_1560778479070\"><div class=\"wpb_wrapper\"><style type=\"text\/css\" data-type=\"the7_shortcodes-inline-css\">.shortcode-single-image-wrap.shortcode-single-image-2898f3fae85c796f51ced36c778a28a2.enable-bg-rollover .rollover i,\n.shortcode-single-image-wrap.shortcode-single-image-2898f3fae85c796f51ced36c778a28a2.enable-bg-rollover .rollover-video i {\n  background: -webkit-linear-gradient();\n  background: linear-gradient();\n}\n.shortcode-single-image-wrap.shortcode-single-image-2898f3fae85c796f51ced36c778a28a2 .rollover-icon {\n  font-size: 32px;\n  color: #ffffff;\n  min-width: 44px;\n  min-height: 44px;\n  line-height: 44px;\n  border-radius: 100px;\n  border-style: solid;\n  border-width: 0px;\n}\n.dt-icon-bg-on.shortcode-single-image-wrap.shortcode-single-image-2898f3fae85c796f51ced36c778a28a2 .rollover-icon {\n  background: rgba(255,255,255,0.3);\n  box-shadow: none;\n}\n<\/style><div class=\"shortcode-single-image-wrap shortcode-single-image-2898f3fae85c796f51ced36c778a28a2 alignnone  enable-bg-rollover dt-icon-bg-off\" style=\"margin-top:0px; margin-bottom:0px; margin-left:0px; margin-right:0px; width:1600px;\"><div class=\"shortcode-single-image\"><div class=\"fancy-media-wrap  layzr-bg\" style=\"\"><img fetchpriority=\"high\" decoding=\"async\" class=\"preload-me lazy-load aspect\" src=\"data:image\/svg+xml,%3Csvg%20xmlns%3D&#39;http%3A%2F%2Fwww.w3.org%2F2000%2Fsvg&#39;%20viewBox%3D&#39;0%200%201327%20663&#39;%2F%3E\" data-src=\"\/wp-content\/uploads\/2020\/10\/Upgrade-phases-1327x663.png\" data-srcset=\"\/wp-content\/uploads\/2020\/10\/Upgrade-phases-1327x663.png 1327w\" loading=\"eager\" sizes=\"(max-width: 1327px) 100vw, 1327px\" width=\"1327\" height=\"663\"  data-dt-location=\"https:\/\/ajafweb.azurewebsites.net\/en_us\/servicios\/actualizaciones-upgrades\/upgrade-phases\/\" style=\"--ratio: 1327 \/ 663;\" alt=\"\" \/><\/div><\/div><\/div><\/div><\/div><\/div><\/div><div class=\"vc_row wpb_row vc_row-fluid\"><div class=\"wpb_column vc_column_container vc_col-sm-12\"><div class=\"vc_column-inner\"><div class=\"wpb_wrapper\"><style type=\"text\/css\" data-type=\"the7_shortcodes-inline-css\">#default-btn-ef376f2c8139447933f4ba8206cf5004.ico-right-side > i {\n  margin-right: 0px;\n  margin-left: 8px;\n}\n#default-btn-ef376f2c8139447933f4ba8206cf5004 > i {\n  margin-right: 8px;\n}\n<\/style><div class=\"btn-align-center\"><a href=\"https:\/\/ajafweb.azurewebsites.net\/en_us\/contacto\/\" class=\"default-btn-shortcode dt-btn dt-btn-m link-hover-off\" id=\"default-btn-ef376f2c8139447933f4ba8206cf5004\" title=\"Custom software development\"><span>Contact<\/span><\/a><\/div><\/div><\/div><\/div><\/div>\n<\/div>","protected":false},"excerpt":{"rendered":"<p>Actualizaciones t\u00e9cnicasActualizaciones de m\u00f3dulos y de seguridad Las actualizaciones y upgrades de cualquier software constituyen un dolor de cabeza para la mayor\u00eda de las empresas. En primer lugar, no se ve la necesidad de hacerlo, a menos que las versiones est\u00e9n quedando completamente obsoletas. Y en segundo lugar, no se cuenta con una metodolog\u00eda eficiente&hellip;<\/p>","protected":false},"author":1,"featured_media":0,"parent":249,"menu_order":4,"comment_status":"closed","ping_status":"closed","template":"","meta":{"footnotes":""},"_links":{"self":[{"href":"https:\/\/ajafweb.azurewebsites.net\/en_us\/wp-json\/wp\/v2\/pages\/1233"}],"collection":[{"href":"https:\/\/ajafweb.azurewebsites.net\/en_us\/wp-json\/wp\/v2\/pages"}],"about":[{"href":"https:\/\/ajafweb.azurewebsites.net\/en_us\/wp-json\/wp\/v2\/types\/page"}],"author":[{"embeddable":true,"href":"https:\/\/ajafweb.azurewebsites.net\/en_us\/wp-json\/wp\/v2\/users\/1"}],"replies":[{"embeddable":true,"href":"https:\/\/ajafweb.azurewebsites.net\/en_us\/wp-json\/wp\/v2\/comments?post=1233"}],"version-history":[{"count":15,"href":"https:\/\/ajafweb.azurewebsites.net\/en_us\/wp-json\/wp\/v2\/pages\/1233\/revisions"}],"predecessor-version":[{"id":2505,"href":"https:\/\/ajafweb.azurewebsites.net\/en_us\/wp-json\/wp\/v2\/pages\/1233\/revisions\/2505"}],"up":[{"embeddable":true,"href":"https:\/\/ajafweb.azurewebsites.net\/en_us\/wp-json\/wp\/v2\/pages\/249"}],"wp:attachment":[{"href":"https:\/\/ajafweb.azurewebsites.net\/en_us\/wp-json\/wp\/v2\/media?parent=1233"}],"curies":[{"name":"wp","href":"https:\/\/api.w.org\/{rel}","templated":true}]}}